{"id":112,"date":"2014-03-07T19:52:15","date_gmt":"2014-03-07T19:52:15","guid":{"rendered":"http:\/\/propagandapartid.260mb.net\/?page_id=112"},"modified":"2024-05-12T15:09:37","modified_gmt":"2024-05-12T15:09:37","slug":"libros","status":"publish","type":"page","link":"https:\/\/pcr.org.uy\/?page_id=112","title":{"rendered":"Libros"},"content":{"rendered":"\n<p><strong>Se debe hacer click en cada imagen para poder acceder <\/strong><\/p>\n\n\n\n<hr class=\"wp-block-separator has-css-opacity\"\/>\n\n\n\n<p><\/p>\n\n\n<div class=\"wp-block-image\">\n<figure class=\"alignleft size-large is-resized\"><a href=\"pcr.org.uy\/wp-content\/uploads\/bsk-pdf-manager\/68_2022-01-25.PDF\" target=\"_blank\" rel=\"noopener\"><img loading=\"lazy\" decoding=\"async\" src=\"https:\/\/pcr.org.uy\/wp-content\/uploads\/2022\/01\/Tapa-Cinco-Tesis.jpg\" alt=\"\" class=\"wp-image-3125\" width=\"126\" height=\"175\" srcset=\"https:\/\/pcr.org.uy\/wp-content\/uploads\/2022\/01\/Tapa-Cinco-Tesis.jpg 367w, https:\/\/pcr.org.uy\/wp-content\/uploads\/2022\/01\/Tapa-Cinco-Tesis-217x300.jpg 217w\" sizes=\"auto, (max-width: 126px) 100vw, 126px\" \/><\/a><\/figure>\n<\/div>\n\n\n<hr class=\"wp-block-separator has-alpha-channel-opacity\"\/>\n\n\n\n<h4 class=\"wp-block-heading has-text-color\" style=\"color:#ff0000\">Cinco Tesis Filos\u00f3ficas<\/h4>\n\n\n\n<p><strong>Mao Tse-tung<\/strong><\/p>\n\n\n\n<p>Ed. De nuestra \u00e9poca (mismo texto que Ed. Lenguas Extranjeras)<\/p>\n\n\n\n<hr class=\"wp-block-separator has-css-opacity\"\/>\n\n\n\n<hr class=\"wp-block-separator has-css-opacity is-style-wide\"\/>\n\n\n\n<hr class=\"wp-block-separator has-css-opacity\"\/>\n\n\n<div class=\"wp-block-image\">\n<figure class=\"alignleft size-large is-resized\"><a href=\"https:\/\/pcr.org.uy\/wp-content\/uploads\/bsk-pdf-manager\/67_LA%20MUJER%20EN%20EL%20DESARROLLO%20SOCIAL.PDF\" target=\"_blank\" rel=\"noopener\"><img loading=\"lazy\" decoding=\"async\" src=\"https:\/\/pcr.org.uy\/wp-content\/uploads\/2022\/01\/Kollontai.jpg\" alt=\"\" class=\"wp-image-3097\" width=\"125\" height=\"156\" srcset=\"https:\/\/pcr.org.uy\/wp-content\/uploads\/2022\/01\/Kollontai.jpg 470w, https:\/\/pcr.org.uy\/wp-content\/uploads\/2022\/01\/Kollontai-240x300.jpg 240w\" sizes=\"auto, (max-width: 125px) 100vw, 125px\" \/><\/a><\/figure>\n<\/div>\n\n\n<h4 class=\"wp-block-heading\"><span style=\"color: #ff0000;\"><strong>La Mujer en el Desarrollo Social<\/strong><\/span><\/h4>\n\n\n\n<p><strong>Alexandra Kollontai<\/strong><\/p>\n\n\n\n<p><strong>1925 ed. espa\u00f1ola de 1976<\/strong><\/p>\n\n\n\n<hr class=\"wp-block-separator has-css-opacity\"\/>\n\n\n\n<hr class=\"wp-block-separator has-css-opacity\"\/>\n\n\n\n<hr class=\"wp-block-separator has-css-opacity is-style-wide\"\/>\n\n\n<div class=\"wp-block-image\">\n<figure class=\"alignleft size-large is-resized\"><a href=\"https:\/\/pcr.org.uy\/wp-content\/uploads\/bsk-pdf-manager\/44_LA%20GUERRA%20CIVIL%20EN%20FRANCIA.PDF\" target=\"_blank\" rel=\"noopener noreferrer\"><img loading=\"lazy\" decoding=\"async\" src=\"https:\/\/pcr.org.uy\/wp-content\/uploads\/2021\/03\/Karl-Marx-1870-636x1024.jpg\" alt=\"\" class=\"wp-image-2829\" width=\"119\" height=\"192\" srcset=\"https:\/\/pcr.org.uy\/wp-content\/uploads\/2021\/03\/Karl-Marx-1870-636x1024.jpg 636w, https:\/\/pcr.org.uy\/wp-content\/uploads\/2021\/03\/Karl-Marx-1870-186x300.jpg 186w, https:\/\/pcr.org.uy\/wp-content\/uploads\/2021\/03\/Karl-Marx-1870-768x1236.jpg 768w, https:\/\/pcr.org.uy\/wp-content\/uploads\/2021\/03\/Karl-Marx-1870-954x1536.jpg 954w, https:\/\/pcr.org.uy\/wp-content\/uploads\/2021\/03\/Karl-Marx-1870-982x1581.jpg 982w, https:\/\/pcr.org.uy\/wp-content\/uploads\/2021\/03\/Karl-Marx-1870.jpg 994w\" sizes=\"auto, (max-width: 119px) 100vw, 119px\" \/><\/a><\/figure>\n<\/div>\n\n\n<h4 class=\"wp-block-heading has-text-color\" style=\"color:#fc0000\">La Guerra Civil en Francia<\/h4>\n\n\n\n<p><strong>Karl Marx<\/strong><\/p>\n\n\n\n<p><strong>Marxist Internet Archive 2001<\/strong><\/p>\n\n\n\n<hr class=\"wp-block-separator has-css-opacity is-style-dots\"\/>\n\n\n\n<hr class=\"wp-block-separator has-css-opacity is-style-dots\"\/>\n\n\n<div class=\"wp-block-image\">\n<figure class=\"alignleft size-large is-resized\"><a href=\"https:\/\/pcr.org.uy\/wp-content\/uploads\/bsk-pdf-manager\/43_2021-03-03.PDF\" target=\"_blank\" rel=\"noopener noreferrer\"><img loading=\"lazy\" decoding=\"async\" src=\"https:\/\/pcr.org.uy\/wp-content\/uploads\/2021\/03\/Lenin-la-comuna-665x1024.jpg\" alt=\"\" class=\"wp-image-2824\" width=\"116\" height=\"178\" srcset=\"https:\/\/pcr.org.uy\/wp-content\/uploads\/2021\/03\/Lenin-la-comuna-665x1024.jpg 665w, https:\/\/pcr.org.uy\/wp-content\/uploads\/2021\/03\/Lenin-la-comuna-195x300.jpg 195w, https:\/\/pcr.org.uy\/wp-content\/uploads\/2021\/03\/Lenin-la-comuna-768x1183.jpg 768w, https:\/\/pcr.org.uy\/wp-content\/uploads\/2021\/03\/Lenin-la-comuna-997x1536.jpg 997w, https:\/\/pcr.org.uy\/wp-content\/uploads\/2021\/03\/Lenin-la-comuna-1330x2048.jpg 1330w, https:\/\/pcr.org.uy\/wp-content\/uploads\/2021\/03\/Lenin-la-comuna-982x1512.jpg 982w, https:\/\/pcr.org.uy\/wp-content\/uploads\/2021\/03\/Lenin-la-comuna.jpg 1639w\" sizes=\"auto, (max-width: 116px) 100vw, 116px\" \/><\/a><\/figure>\n<\/div>\n\n\n<h4 class=\"wp-block-heading has-text-color\" style=\"color:#ff0d00\">La Comuna de Par\u00eds<\/h4>\n\n\n\n<p><strong>Lenin<\/strong> &#8211; <strong>Recopilaci\u00f3n de textos<\/strong><\/p>\n\n\n\n<p><strong>Ed. Progreso 1971<\/strong><\/p>\n\n\n\n<p><\/p>\n\n\n\n<hr class=\"wp-block-separator has-css-opacity is-style-dots\"\/>\n\n\n<div class=\"wp-block-image\">\n<figure class=\"alignleft size-large is-resized\"><a href=\"https:\/\/pcr.org.uy\/wp-content\/uploads\/bsk-pdf-manager\/18_LUIS%20SEGAL-PRINCIPIO%20DE%20ECONOMIA%20POLITICA.PDF\" target=\"_blank\" rel=\"noreferrer noopener\"><img loading=\"lazy\" decoding=\"async\" src=\"https:\/\/pcr.org.uy\/wp-content\/uploads\/2020\/06\/Segal.jpg\" alt=\"\" class=\"wp-image-2477\" width=\"106\" height=\"145\" srcset=\"https:\/\/pcr.org.uy\/wp-content\/uploads\/2020\/06\/Segal.jpg 381w, https:\/\/pcr.org.uy\/wp-content\/uploads\/2020\/06\/Segal-221x300.jpg 221w\" sizes=\"auto, (max-width: 106px) 100vw, 106px\" \/><\/a><\/figure>\n<\/div>\n\n\n<h4 class=\"wp-block-heading has-text-color\" style=\"color:#ff0000\">Principios de Econom\u00eda Pol\u00edtica<\/h4>\n\n\n\n<p><strong>Luis Segal<\/strong><\/p>\n\n\n\n<p><strong>Ed. Problemas 1940<\/strong><\/p>\n\n\n\n<p><\/p>\n\n\n\n<p><\/p>\n\n\n\n<hr class=\"wp-block-separator has-css-opacity\"\/>\n\n\n<div class=\"wp-block-image\">\n<figure class=\"alignleft size-large is-resized\"><a href=\"https:\/\/pcr.org.uy\/wp-content\/uploads\/bsk-pdf-manager\/15_1946DFM.PDF\" target=\"_blank\" rel=\"noreferrer noopener\"><img loading=\"lazy\" decoding=\"async\" src=\"https:\/\/pcr.org.uy\/wp-content\/uploads\/2020\/06\/1946dfm.jpg\" alt=\"\" class=\"wp-image-2459\" width=\"107\" height=\"147\" srcset=\"https:\/\/pcr.org.uy\/wp-content\/uploads\/2020\/06\/1946dfm.jpg 300w, https:\/\/pcr.org.uy\/wp-content\/uploads\/2020\/06\/1946dfm-219x300.jpg 219w\" sizes=\"auto, (max-width: 107px) 100vw, 107px\" \/><\/a><\/figure>\n<\/div>\n\n\n<h4 class=\"wp-block-heading has-text-color\" style=\"color:#ff0000\">Diccionario Filos\u00f3fico Marxista<\/h4>\n\n\n\n<p><strong>Mark Moisevich Rosental &#8211; Pavel Fedorovich Iudin<\/strong><\/p>\n\n\n\n<p><strong>Edici\u00f3n de 1946<\/strong><\/p>\n\n\n\n<p><\/p>\n\n\n\n<hr class=\"wp-block-separator has-css-opacity\"\/>\n\n\n<div class=\"wp-block-image\">\n<figure class=\"alignleft size-large is-resized\"><a href=\"https:\/\/pcr.org.uy\/wp-content\/uploads\/bsk-pdf-manager\/11_DIMITROV_LA_OFENSIVA_DEL_FASCISMO.PDF\" target=\"_blank\" rel=\"noreferrer noopener\"><img loading=\"lazy\" decoding=\"async\" src=\"https:\/\/pcr.org.uy\/wp-content\/uploads\/2019\/12\/Georgi-Mikhailovich-Dimitrov-664x1024.jpg\" alt=\"\" class=\"wp-image-2119\" width=\"101\" height=\"156\" srcset=\"https:\/\/pcr.org.uy\/wp-content\/uploads\/2019\/12\/Georgi-Mikhailovich-Dimitrov-664x1024.jpg 664w, https:\/\/pcr.org.uy\/wp-content\/uploads\/2019\/12\/Georgi-Mikhailovich-Dimitrov-195x300.jpg 195w, https:\/\/pcr.org.uy\/wp-content\/uploads\/2019\/12\/Georgi-Mikhailovich-Dimitrov-768x1184.jpg 768w, https:\/\/pcr.org.uy\/wp-content\/uploads\/2019\/12\/Georgi-Mikhailovich-Dimitrov.jpg 1038w\" sizes=\"auto, (max-width: 101px) 100vw, 101px\" \/><\/a><\/figure>\n<\/div>\n\n\n<h4 class=\"wp-block-heading\"><span style=\"color: #ff0000;\"><strong>La Ofensiva del Fascismo<\/strong> (discurso)<\/span><span style=\"color: #ff0000;\"><\/span><\/h4>\n\n\n\n<p><strong>Jorge Dimitrov, agosto de 1935<\/strong><\/p>\n\n\n\n<p><\/p>\n\n\n\n<hr class=\"wp-block-separator has-css-opacity\"\/>\n\n\n\n<hr class=\"wp-block-separator has-css-opacity\"\/>\n\n\n\n<hr class=\"wp-block-separator has-css-opacity\"\/>\n\n\n<div class=\"wp-block-image\">\n<figure class=\"alignleft size-large is-resized\"><a href=\"https:\/\/pcr.org.uy\/wp-content\/uploads\/bsk-pdf-manager\/19_DESARROLLO%20HISTORICO%20DEL%20MARXISMO.PDF\" target=\"_blank\" rel=\"noreferrer noopener\"><img loading=\"lazy\" decoding=\"async\" src=\"https:\/\/pcr.org.uy\/wp-content\/uploads\/2014\/03\/tapa-desarrollo-marxismo-822x1024.jpg\" alt=\"\" class=\"wp-image-1744\" width=\"115\" height=\"143\" srcset=\"https:\/\/pcr.org.uy\/wp-content\/uploads\/2014\/03\/tapa-desarrollo-marxismo-822x1024.jpg 822w, https:\/\/pcr.org.uy\/wp-content\/uploads\/2014\/03\/tapa-desarrollo-marxismo-241x300.jpg 241w, https:\/\/pcr.org.uy\/wp-content\/uploads\/2014\/03\/tapa-desarrollo-marxismo.jpg 826w\" sizes=\"auto, (max-width: 115px) 100vw, 115px\" \/><\/a><\/figure>\n<\/div>\n\n\n<h4 class=\"wp-block-heading\"><span style=\"color: #ff0000;\"><strong>Desarrollo Hist\u00f3rico del Marxismo<\/strong><\/span><\/h4>\n\n\n\n<p><strong>1989, reedici\u00f3n web en 2018 <\/strong><a rel=\"attachment wp-att-1744\" href=\" https:\/\/pcr.org.uy\/?attachment_id=1743\"><\/a><\/p>\n\n\n\n<p><strong>Julio Arizaga<\/strong><\/p>\n\n\n\n<p><\/p>\n\n\n\n<p><\/p>\n\n\n\n<hr class=\"wp-block-separator has-css-opacity\"\/>\n\n\n<div class=\"wp-block-image\">\n<figure class=\"alignleft size-large is-resized\"><a href=\"https:\/\/pcr.org.uy\/wp-content\/uploads\/bsk-pdf-manager\/24_MAO-Y-LA-REVOLUCION-EN-NUESTROS-PAISES.PDF\" target=\"_blank\" rel=\"noreferrer noopener\"><img loading=\"lazy\" decoding=\"async\" src=\"https:\/\/pcr.org.uy\/wp-content\/uploads\/2014\/03\/MaoyRev.gif\" alt=\"\" class=\"wp-image-143\" width=\"119\" height=\"179\"\/><\/a><\/figure>\n<\/div>\n\n\n<h4 class=\"wp-block-heading\"><span style=\"color: #ff0000;\"><strong>Mao y la revoluci\u00f3n en nuestro pa\u00edses<\/strong><\/span><\/h4>\n\n\n\n<p><strong>Ricardo Cohen, 1993<\/strong><\/p>\n\n\n\n<h1 class=\"wp-block-heading\">&nbsp;<\/h1>\n\n\n\n<hr class=\"wp-block-separator has-css-opacity\"\/>\n\n\n\n<hr class=\"wp-block-separator has-css-opacity\"\/>\n\n\n<div class=\"wp-block-image\">\n<figure class=\"alignleft size-large is-resized\"><a href=\"https:\/\/pcr.org.uy\/wp-content\/uploads\/bsk-pdf-manager\/25_HISTORIA-PC.PDF\" target=\"_blank\" rel=\"noreferrer noopener\"><img loading=\"lazy\" decoding=\"async\" src=\"https:\/\/pcr.org.uy\/wp-content\/uploads\/2014\/03\/Historia-PC.gif\" alt=\"\" class=\"wp-image-151\" width=\"109\" height=\"164\"\/><\/a><\/figure>\n<\/div>\n\n\n<h4 class=\"wp-block-heading\"><strong><span style=\"color: #ff0000;\">Historia del Partido Comunista del Uruguay <\/span><\/strong><span style=\"color: #ff0000;\"><strong>(hasta<\/strong> 1951)<\/span><\/h4>\n\n\n\n<p><strong>Eugenio G\u00f3mez<\/strong><\/p>\n\n\n\n<p><strong>Primera Edici\u00f3n 1961, reeditado en 1990<\/strong><\/p>\n\n\n\n<hr class=\"wp-block-separator has-css-opacity\"\/>\n\n\n\n<hr class=\"wp-block-separator has-css-opacity\"\/>\n\n\n<div class=\"wp-block-image\">\n<figure class=\"alignleft size-large is-resized\"><a href=\"https:\/\/pcr.org.uy\/wp-content\/uploads\/bsk-pdf-manager\/26_POLEMICA.PDF\" target=\"_blank\" rel=\"noreferrer noopener\"><img loading=\"lazy\" decoding=\"async\" src=\"https:\/\/pcr.org.uy\/wp-content\/uploads\/2014\/05\/polemica.jpg\" alt=\"\" class=\"wp-image-491\" width=\"110\" height=\"169\" srcset=\"https:\/\/pcr.org.uy\/wp-content\/uploads\/2014\/05\/polemica.jpg 264w, https:\/\/pcr.org.uy\/wp-content\/uploads\/2014\/05\/polemica-195x300.jpg 195w\" sizes=\"auto, (max-width: 110px) 100vw, 110px\" \/><\/a><\/figure>\n<\/div>\n\n\n<h4 class=\"wp-block-heading\"><span style=\"color: #ff0000;\"><strong><figure><span style=\"color: #ff0000;\"><strong>Pol\u00e9mica acerca de la linea general del Movimiento Comunista Internacional<\/strong><\/span><\/figure><\/strong><\/span><\/h4>\n\n\n\n<p><strong>Argumentos del PCCh contra la l\u00ednea revisionista del PCUS<\/strong>.<\/p>\n\n\n\n<hr class=\"wp-block-separator has-css-opacity\"\/>\n\n\n\n<hr class=\"wp-block-separator has-css-opacity\"\/>\n\n\n\n<hr class=\"wp-block-separator has-css-opacity\"\/>\n\n\n<div class=\"wp-block-image\">\n<figure class=\"alignleft size-large is-resized\"><a href=\"https:\/\/pcr.org.uy\/wp-content\/uploads\/bsk-pdf-manager\/27_REVISIONISTA.PDF\" target=\"_blank\" rel=\"noreferrer noopener\"><img loading=\"lazy\" decoding=\"async\" src=\"https:\/\/pcr.org.uy\/wp-content\/uploads\/2014\/05\/revisionista.gif\" alt=\"\" class=\"wp-image-492\" width=\"112\" height=\"166\"\/><\/a><\/figure>\n<\/div>\n\n\n<h4 class=\"wp-block-heading\"><strong><span style=\"color: #ff0000;\">Por el triunfo del marxismo-leninismo creador<\/span><\/strong><\/h4>\n\n\n\n<p><strong>Argumentos&nbsp; del PCUS revisionista contra la linea revolucionaria del PCCH.<\/strong><\/p>\n\n\n\n<p><strong>Mayo de 1963<\/strong><\/p>\n\n\n\n<hr class=\"wp-block-separator has-css-opacity\"\/>\n\n\n\n<hr class=\"wp-block-separator has-css-opacity\"\/>\n\n\n<div class=\"wp-block-image\">\n<figure class=\"alignleft size-large is-resized\"><a href=\"https:\/\/pcr.org.uy\/wp-content\/uploads\/bsk-pdf-manager\/52_2021-05-12.PDF\" target=\"_blank\" rel=\"noopener noreferrer\"><img loading=\"lazy\" decoding=\"async\" src=\"https:\/\/pcr.org.uy\/wp-content\/uploads\/2021\/05\/Fucik.jpg\" alt=\"\" class=\"wp-image-2907\" width=\"110\" height=\"173\" srcset=\"https:\/\/pcr.org.uy\/wp-content\/uploads\/2021\/05\/Fucik.jpg 320w, https:\/\/pcr.org.uy\/wp-content\/uploads\/2021\/05\/Fucik-191x300.jpg 191w\" sizes=\"auto, (max-width: 110px) 100vw, 110px\" \/><\/a><\/figure>\n<\/div>\n\n\n<h4 class=\"wp-block-heading\">Reportaje al pie del pat\u00edbulo<\/h4>\n\n\n\n<p><strong>Julio Fucik<\/strong><br>Recopilaci\u00f3n p\u00f3stuma de sus escritos en la c\u00e1rcel de P\u00e1nkrac (ex Checoslovaquia) entre 1942 y 1943 luego de ser detenido por el fascismo.<br>Ed. Chilena 1972<\/p>\n\n\n\n<hr class=\"wp-block-separator has-css-opacity\"\/>\n\n\n<div class=\"wp-block-image\">\n<figure class=\"alignleft size-large is-resized\"><a href=\"https:\/\/pcr.org.uy\/wp-content\/uploads\/bsk-pdf-manager\/53_2021-05-12.PDF\"><img loading=\"lazy\" decoding=\"async\" src=\"https:\/\/pcr.org.uy\/wp-content\/uploads\/2021\/05\/Victor_serge.jpg\" alt=\"\" class=\"wp-image-2913\" width=\"119\" height=\"160\"\/><\/a><\/figure>\n<\/div>\n\n\n<h4 class=\"wp-block-heading\">Lo que todo revolucionario debe saber sobre la represi\u00f3n<\/h4>\n\n\n\n<p><strong>V\u00edctor Serge, 1925<\/strong><\/p>\n\n\n\n<hr class=\"wp-block-separator has-css-opacity\"\/>\n\n\n\n<hr class=\"wp-block-separator has-css-opacity\"\/>\n\n\n\n<hr class=\"wp-block-separator has-css-opacity\"\/>\n\n\n<div class=\"wp-block-image\">\n<figure class=\"alignleft size-large is-resized\"><a href=\"https:\/\/pcr.org.uy\/wp-content\/uploads\/bsk-pdf-manager\/28_TROTZKYSMO-O-LENINISMO.PDF\" target=\"_blank\" rel=\"noreferrer noopener\"><img loading=\"lazy\" decoding=\"async\" src=\"https:\/\/pcr.org.uy\/wp-content\/uploads\/2014\/03\/Trotzkysmo-o-leninismo.png\" alt=\"\" class=\"wp-image-1437\" width=\"109\" height=\"186\" srcset=\"https:\/\/pcr.org.uy\/wp-content\/uploads\/2014\/03\/Trotzkysmo-o-leninismo.png 562w, https:\/\/pcr.org.uy\/wp-content\/uploads\/2014\/03\/Trotzkysmo-o-leninismo-175x300.png 175w\" sizes=\"auto, (max-width: 109px) 100vw, 109px\" \/><\/a><\/figure>\n<\/div>\n\n\n<h4 class=\"wp-block-heading\"><a title=\"Trotkyzmo o Leninismo \" rel=\"noopener noreferrer\" href=\"https:\/\/pcr.org.uy\/?attachment_id=1439\" target=\"_blank\"><span style=\"color: #ff0000;\"><strong>\u00bfTrotkyzmo o Leninismo?<\/strong><\/span><\/a><\/h4>\n\n\n\n<p><strong><span style=\"color: #000000;\">Discurso pronunciado por Stalin en el Pleno del grupo comunista del Consejo Central de los Sindicatos Sovi\u00e9ticos. <\/span>1924<\/strong><\/p>\n\n\n\n<hr class=\"wp-block-separator has-css-opacity\"\/>\n\n\n\n<hr class=\"wp-block-separator has-css-opacity\"\/>\n\n\n\n<hr class=\"wp-block-separator has-css-opacity\"\/>\n\n\n<div class=\"wp-block-image\">\n<figure class=\"alignleft size-large is-resized\"><a href=\"https:\/\/es.calameo.com\/read\/0043245284b1c56da987e\"><img loading=\"lazy\" decoding=\"async\" src=\"https:\/\/pcr.org.uy\/wp-content\/uploads\/2014\/03\/La_Mitad_del-Cielo1-606x1024.jpg\" alt=\"\" class=\"wp-image-817\" width=\"116\" height=\"196\" srcset=\"https:\/\/pcr.org.uy\/wp-content\/uploads\/2014\/03\/La_Mitad_del-Cielo1-606x1024.jpg 606w, https:\/\/pcr.org.uy\/wp-content\/uploads\/2014\/03\/La_Mitad_del-Cielo1-177x300.jpg 177w, https:\/\/pcr.org.uy\/wp-content\/uploads\/2014\/03\/La_Mitad_del-Cielo1.jpg 630w\" sizes=\"auto, (max-width: 116px) 100vw, 116px\" \/><\/a><\/figure>\n<\/div>\n\n\n<h4 class=\"wp-block-heading\"><a title=\"La Mitad del Cielo\" rel=\"noopener noreferrer\" href=\"http:\/\/es.calameo.com\/read\/0043245284b1c56da987e\" target=\"_blank\"><span style=\"color: #ff0000;\"><strong>La mitad del cielo<\/strong>, el movimiento de liberaci\u00f3n de las mujeres en China.<\/span><\/a><\/h4>\n\n\n\n<div class=\"wp-block-group\"><div class=\"wp-block-group__inner-container is-layout-flow wp-block-group-is-layout-flow\">\n<p><strong>Claudie Broyelle, 1973<\/strong><\/p>\n\n\n\n<p><strong>Estudio y vivencias de la autora sobre la experiencia del movimiento por la liberaci\u00f3n de las mujeres en la China revolucionaria.<\/strong><\/p>\n<\/div><\/div>\n\n\n\n<hr class=\"wp-block-separator has-css-opacity\"\/>\n\n\n\n<hr class=\"wp-block-separator has-css-opacity\"\/>\n\n\n<div class=\"wp-block-image\">\n<figure class=\"alignleft size-large is-resized\"><a href=\"https:\/\/pcr.org.uy\/wp-content\/uploads\/bsk-pdf-manager\/16_2020-05-14.PDF\" target=\"_blank\" rel=\"noreferrer noopener\"><img loading=\"lazy\" decoding=\"async\" src=\"https:\/\/pcr.org.uy\/wp-content\/uploads\/2014\/03\/Manual-de-Economia-Politica-URSS.jpg\" alt=\"\" class=\"wp-image-1108\" width=\"109\" height=\"163\" srcset=\"https:\/\/pcr.org.uy\/wp-content\/uploads\/2014\/03\/Manual-de-Economia-Politica-URSS.jpg 549w, https:\/\/pcr.org.uy\/wp-content\/uploads\/2014\/03\/Manual-de-Economia-Politica-URSS-199x300.jpg 199w\" sizes=\"auto, (max-width: 109px) 100vw, 109px\" \/><\/a><\/figure>\n<\/div>\n\n\n<h4 class=\"wp-block-heading\"><span style=\"color: #ff0000;\"><strong>Manual de Econom\u00eda Pol\u00edtica<\/strong><\/span><\/h4>\n\n\n\n<p><span style=\"color: #000000;\"><strong>Instituto de Econom\u00eda de la Academia de Ciencias de la URSS <\/strong><\/span><\/p>\n\n\n\n<p><strong>Traducci\u00f3n del ruso de Wenceslao Roces, editado por Grijalbo, Mexico, 1956<\/strong><\/p>\n\n\n\n<hr class=\"wp-block-separator has-css-opacity\"\/>\n\n\n\n<hr class=\"wp-block-separator has-css-opacity\"\/>\n\n\n<div class=\"wp-block-image\">\n<figure class=\"alignleft size-large is-resized\"><a href=\"https:\/\/pcr.org.uy\/wp-content\/uploads\/bsk-pdf-manager\/29_STALIN-DE-GOMEZ.PDF\" target=\"_blank\" rel=\"noreferrer noopener\"><img loading=\"lazy\" decoding=\"async\" src=\"https:\/\/pcr.org.uy\/wp-content\/uploads\/2014\/03\/Stalin-de-GOMEZ-E.jpg\" alt=\"\" class=\"wp-image-765\" width=\"120\" height=\"170\"\/><\/a><\/figure>\n<\/div>\n\n\n<h4 class=\"wp-block-heading\"><a title=\"Stalin\" rel=\"noopener noreferrer\" href=\"https:\/\/pcr.org.uy\/wp-content\/uploads\/2014\/03\/STALIN-DE-GOMEZ.pdf\" target=\"_blank\"><strong><span style=\"color: #ff0000;\">Stalin<\/span><\/strong><\/a><\/h4>\n\n\n\n<p><strong>Eugenio G\u00f3mez<a rel=\"noopener noreferrer\" href=\"https:\/\/pcr.org.uy\/wp-content\/uploads\/2014\/03\/STALIN-DE-GOMEZ.pdf\" target=\"_blank\"><\/a>, 1970<\/strong><\/p>\n\n\n\n<hr class=\"wp-block-separator has-css-opacity\"\/>\n\n\n\n<hr class=\"wp-block-separator has-css-opacity\"\/>\n\n\n\n<hr class=\"wp-block-separator has-css-opacity\"\/>\n\n\n\n<hr class=\"wp-block-separator has-css-opacity\"\/>\n\n\n<div class=\"wp-block-image\">\n<figure class=\"alignleft size-large is-resized\"><a href=\"https:\/\/pcr.org.uy\/wp-content\/uploads\/bsk-pdf-manager\/46_CUESTIONES%20DE%20LENINISMO%20STALIN.PDF\" target=\"_blank\" rel=\"noopener noreferrer\"><img loading=\"lazy\" decoding=\"async\" src=\"https:\/\/pcr.org.uy\/wp-content\/uploads\/2021\/03\/Cuestiones-del-Leninismo.jpg\" alt=\"\" class=\"wp-image-2851\" width=\"118\" height=\"185\" srcset=\"https:\/\/pcr.org.uy\/wp-content\/uploads\/2021\/03\/Cuestiones-del-Leninismo.jpg 330w, https:\/\/pcr.org.uy\/wp-content\/uploads\/2021\/03\/Cuestiones-del-Leninismo-192x300.jpg 192w\" sizes=\"auto, (max-width: 118px) 100vw, 118px\" \/><\/a><\/figure>\n<\/div>\n\n\n<h4 class=\"wp-block-heading\">Cuestiones del Leninismo<\/h4>\n\n\n\n<p><strong>Stalin<\/strong><\/p>\n\n\n\n<p><strong>Ed. Lenguas Extranjeras &#8211; Mosc\u00fa 1946<\/strong><\/p>\n\n\n\n<hr class=\"wp-block-separator has-css-opacity\"\/>\n\n\n\n<hr class=\"wp-block-separator has-css-opacity\"\/>\n\n\n\n<hr class=\"wp-block-separator has-css-opacity\"\/>\n\n\n\n<hr class=\"wp-block-separator has-css-opacity\"\/>\n\n\n\n<p><\/p>\n\n\n<div class=\"wp-block-image\">\n<figure class=\"alignleft size-large is-resized\"><a href=\"https:\/\/pcr.org.uy\/wp-content\/uploads\/bsk-pdf-manager\/30_MAO.PDF\" target=\"_blank\" rel=\"noreferrer noopener\"><img loading=\"lazy\" decoding=\"async\" src=\"https:\/\/pcr.org.uy\/wp-content\/uploads\/2014\/03\/mao.gif\" alt=\"\" class=\"wp-image-769\" width=\"112\" height=\"167\"\/><\/a><\/figure>\n<\/div>\n\n\n<h4 class=\"wp-block-heading\"><a title=\"Entrevista a Mao Tse Tung\" href=\"https:\/\/pcr.org.uy\/wp-content\/uploads\/2014\/03\/mao.pdf\" target=\"_blank\" rel=\"noopener noreferrer\"><span style=\"color: #ff0000;\"><strong>Mao Tse Tung: Mi Vida<\/strong><\/span><\/a><\/h4>\n\n\n\n<p><strong>Entrevista autobiografica a Mao Tse Tung realizada por el periodista Edgar Snow<\/strong>.<\/p>\n\n\n\n<hr class=\"wp-block-separator has-css-opacity\"\/>\n\n\n\n<hr class=\"wp-block-separator has-css-opacity is-style-wide\"\/>\n\n\n\n<hr class=\"wp-block-separator has-css-opacity\"\/>\n\n\n<div class=\"wp-block-image\">\n<figure class=\"alignleft size-large is-resized\"><a href=\"https:\/\/pcr.org.uy\/wp-content\/uploads\/bsk-pdf-manager\/31_HISTORIACH.PDF\" target=\"_blank\" rel=\"noreferrer noopener\"><img loading=\"lazy\" decoding=\"async\" src=\"https:\/\/pcr.org.uy\/wp-content\/uploads\/2014\/03\/brevech.gif\" alt=\"\" class=\"wp-image-767\" width=\"117\" height=\"178\"\/><\/a><\/figure>\n<\/div>\n\n\n<h4 class=\"wp-block-heading\"><strong><span style=\"color: #ff0000;\">Breve historia de la China contempor\u00e1nea<\/span><\/strong><\/h4>\n\n\n\n<p><strong>Compilaci\u00f3n de historiadores chinos, editado <span style=\"color: #000000;\">en 1972<\/span><\/strong><\/p>\n\n\n\n<hr class=\"wp-block-separator has-css-opacity\"\/>\n\n\n\n<hr class=\"wp-block-separator has-css-opacity\"\/>\n\n\n\n<hr class=\"wp-block-separator has-css-opacity\"\/>\n\n\n<div class=\"wp-block-image\">\n<figure class=\"alignleft size-large is-resized\"><a class=\"\" href=\"https:\/\/pcr.org.uy\/wp-content\/uploads\/bsk-pdf-manager\/32_3MUNDO.PDF\" target=\"_blank\" rel=\"noreferrer noopener\"><img loading=\"lazy\" decoding=\"async\" src=\"https:\/\/pcr.org.uy\/wp-content\/uploads\/2014\/03\/3mundo.gif\" alt=\"\" class=\"wp-image-764\" width=\"119\" height=\"180\"\/><\/a><\/figure>\n<\/div>\n\n\n<h4 class=\"wp-block-heading\"><a title=\"El tercer mundo\" rel=\"noopener noreferrer\" href=\"https:\/\/pcr.org.uy\/wp-content\/uploads\/2014\/03\/3mundo.pdf\" target=\"_blank\"><span style=\"color: #ff0000;\"><strong>El mundo actual. <\/strong>Las superpotencias y el tercer mundo<\/span><\/a><\/h4>\n\n\n\n<p><strong>Sobre la Teor\u00eda de los Tres Mundos, escrito en 1977.<br>Esta edici\u00f3n corresponde a 1984.<\/strong><\/p>\n\n\n\n<p class=\"has-text-align-right\"><\/p>\n","protected":false},"excerpt":{"rendered":"<p>Se debe hacer click en cada imagen para poder acceder Cinco Tesis Filos\u00f3ficas Mao Tse-tung Ed. De nuestra \u00e9poca (mismo texto que Ed. Lenguas Extranjeras) La Mujer en el Desarrollo Social Alexandra Kollontai 1925 ed. espa\u00f1ola de 1976 La Guerra Civil en Francia Karl Marx Marxist Internet Archive 2001 La Comuna de Par\u00eds Lenin &#8211; &hellip; <\/p>\n<p><a class=\"more-link btn\" href=\"https:\/\/pcr.org.uy\/?page_id=112\">Seguir leyendo<\/a><\/p>\n","protected":false},"author":1,"featured_media":3116,"parent":38,"menu_order":0,"comment_status":"closed","ping_status":"open","template":"template-twocolumnsleft.php","meta":{"footnotes":""},"class_list":["post-112","page","type-page","status-publish","has-post-thumbnail","hentry","nodate","item-wrap"],"_links":{"self":[{"href":"https:\/\/pcr.org.uy\/index.php?rest_route=\/wp\/v2\/pages\/112","targetHints":{"allow":["GET"]}}],"collection":[{"href":"https:\/\/pcr.org.uy\/index.php?rest_route=\/wp\/v2\/pages"}],"about":[{"href":"https:\/\/pcr.org.uy\/index.php?rest_route=\/wp\/v2\/types\/page"}],"author":[{"embeddable":true,"href":"https:\/\/pcr.org.uy\/index.php?rest_route=\/wp\/v2\/users\/1"}],"replies":[{"embeddable":true,"href":"https:\/\/pcr.org.uy\/index.php?rest_route=%2Fwp%2Fv2%2Fcomments&post=112"}],"version-history":[{"count":166,"href":"https:\/\/pcr.org.uy\/index.php?rest_route=\/wp\/v2\/pages\/112\/revisions"}],"predecessor-version":[{"id":3473,"href":"https:\/\/pcr.org.uy\/index.php?rest_route=\/wp\/v2\/pages\/112\/revisions\/3473"}],"up":[{"embeddable":true,"href":"https:\/\/pcr.org.uy\/index.php?rest_route=\/wp\/v2\/pages\/38"}],"wp:featuredmedia":[{"embeddable":true,"href":"https:\/\/pcr.org.uy\/index.php?rest_route=\/wp\/v2\/media\/3116"}],"wp:attachment":[{"href":"https:\/\/pcr.org.uy\/index.php?rest_route=%2Fwp%2Fv2%2Fmedia&parent=112"}],"curies":[{"name":"wp","href":"https:\/\/api.w.org\/{rel}","templated":true}]}}