{"id":115,"date":"2014-03-07T20:06:45","date_gmt":"2014-03-07T20:06:45","guid":{"rendered":"http:\/\/propagandapartid.260mb.net\/?page_id=115"},"modified":"2021-03-27T14:45:25","modified_gmt":"2021-03-27T14:45:25","slug":"documentos","status":"publish","type":"page","link":"https:\/\/pcr.org.uy\/?page_id=115","title":{"rendered":"Documentos"},"content":{"rendered":"<p><style type=\"text\/css\"><!--\ntd {border: 1px solid #ccc;}br {mso-data-placement:same-cell;}\n--><\/style><\/p>\n<h4><strong><span style=\"color: #ff0000;\"><a href=\"https:\/\/pcr.org.uy\/wp-content\/uploads\/2017\/11\/Informe-Uruguay-setiembre-2017.pdf\"><span style=\"color: #ff0000;\">Informe Uruguay setiembre 2017<\/span><\/a>\u00a0<\/span> (espa\u00f1ol)<br \/><\/strong>Informe a los partidos y organizaciones participantes del Seminario Internacional por el 100\u00b0 Aniversario de la Revoluci\u00f3n de Octubre, realizado en Gelserkinchen, Alemania, el 27,28 y 29 de Octubre de 2017, organizado por ICOR y CIPOML. Participaron 1050 militantes,\u00a0 60 organizaciones pol\u00edticas de 40 pa\u00edses, inclu\u00eddo el PCR del Uruguay.<\/h4>\n<h4><strong><span style=\"color: #ff0000;\"><a href=\"https:\/\/pcr.org.uy\/wp-content\/uploads\/2017\/11\/Report-from-Uruguay-september-2017.pdf\"><span style=\"color: #ff0000;\">Report from Uruguay september 2017<\/span><\/a><\/span>\u00a0(ingles)<br \/><\/strong>Report to the participating parties and organizations of the International Seminar for the 100th Anniversary of the October Revolution, held in Gelserkinchen, Germany, on October 27, 28 and 29, 2017, organized by ICOR and CIPOML<\/h4>\n<h4><a title=\"De las Tesis de Abril a Octubre\" href=\"https:\/\/pcr.org.uy\/wp-content\/uploads\/2014\/03\/Separata-La-Verdad-100.pdf\" target=\"_blank\" rel=\"noopener noreferrer\"><span style=\"color: #ff0000;\"><strong>A 100 a\u00f1os de la Revoluci\u00f3n de Rusa. De las Tesis\u00a0 de Abril a Octubre<\/strong><\/span><\/a><br \/><span style=\"color: #000000;\">Charla en Facultad de Humanidades en mayo de 2017<\/span><\/h4>\n<h4><a title=\"90 Revolucion Octubre\" href=\"https:\/\/pcr.org.uy\/wp-content\/uploads\/2014\/03\/90-aniv-Revolucion-de-Octubre.pdf\" target=\"_blank\" rel=\"noopener noreferrer\"><span style=\"color: #ff0000;\"><strong>90\u00b0 aniv. de la Revoluci\u00f3n de Octubre<\/strong><\/span><\/a><br \/><span style=\"color: #000000;\">octubre 2016<\/span><\/h4>\n<h4><span style=\"color: #ff0000;\"><strong><a href=\"https:\/\/pcr.org.uy\/wp-content\/uploads\/2014\/03\/100-a\u00f1os-El-imperialismo-de-Lenin-Ricardo-Cohen.pdf\"><span style=\"color: #ff0000;\">100 a\u00f1os El imperialismo de Lenin &#8211; Ricardo Cohen<\/span><\/a><br \/><\/strong><\/span>Junio 2016<\/h4>\n<h4><span style=\"color: #ff0000;\"><a href=\"https:\/\/pcr.org.uy\/wp-content\/uploads\/2014\/03\/InformeUruguay2013.pdf\" target=\"_blank\" rel=\"noopener noreferrer\"><span style=\"color: #ff0000;\"><strong>Informe del Partido Comunista Revolucionario del Uruguay<\/strong><\/span><\/a> <\/span><span style=\"color: #ff0000;\"><a href=\"https:\/\/pcr.org.uy\/wp-content\/uploads\/2014\/03\/InformeUruguay2013.pdf\" target=\"_blank\" rel=\"noopener noreferrer\"><span style=\"color: #ff0000;\"><strong>al 9\u00ba Encuentro Antiimperialista y Revolucionario de Am\u00e9rica del Sur. <\/strong><\/span><\/a><br \/><\/span>Noviembre 2013<\/h4>\n<h4><a title=\"40 aniv del golpe y la huelga general\" href=\"https:\/\/pcr.org.uy\/wp-content\/uploads\/2014\/07\/40aniv-golpe-y-huelga-general.pdf\" target=\"_blank\" rel=\"noopener noreferrer\"><span style=\"color: #ff0000;\"><strong><span style=\"color: #ff0000;\">Sobre el Golpe de Estado militar y fascista de 1973, y la heroica Huelga General.<\/span><\/strong><\/span><\/a><br \/>Publicado en el peri\u00f3dico La Verdad n\u00ba77 de Junio 2013<\/h4>\n<h4><strong><span style=\"color: #ff0000;\"><a href=\"https:\/\/pcr.org.uy\/wp-content\/uploads\/2014\/03\/Estatutos-del-PCR-U.pdf\" target=\"_blank\" rel=\"noopener noreferrer\"><span style=\"color: #ff0000;\">Estatutos del PCR del Uruguay<\/span><\/a><br \/><\/span><\/strong><span style=\"color: #000000;\">Aprobado en la 7\u00b0 Conferencia, 2011<\/span><\/h4>\n<h4><span style=\"color: #ff0000;\"><a title=\"Breve Historia del Uruguay y del PCR\" href=\"https:\/\/pcr.org.uy\/wp-content\/uploads\/2015\/08\/Breve-historia-de-Uruguay-y-del-PCR.pdf\" target=\"_blank\" rel=\"noopener noreferrer\"><span style=\"color: #ff0000;\"><strong>Breve Historia del Uruguay y la influencia del Mao\u00edsmo.<\/strong><\/span><\/a><br \/><\/span>2006<\/h4>\n<h4 style=\"text-align: left;\"><span style=\"color: #000000;\"><a href=\"https:\/\/pcr.org.uy\/wp-content\/uploads\/2014\/03\/Brief-history-of-Uruguay-and-the-influense-of-Maoism.pdf\" target=\"_blank\" rel=\"noopener noreferrer\"><span style=\"color: #000000;\"><strong><span style=\"color: #ff0000;\">Brief history of Uruguay and the influence of Maoism<\/span><\/strong><\/span><\/a><br \/><\/span><span style=\"color: #000000;\">2006<\/span><\/h4>\n<h4><span style=\"color: #ff0000;\"><a title=\"Mercosur integraci\u00f3n al servicio imperialismo\" href=\"https:\/\/pcr.org.uy\/wp-content\/uploads\/2014\/03\/MERCOSUR-UNA-INTEGRACI\u00d3N-AL-SERVICIO-DEL-IMPERIALISMO.pdf\" target=\"_blank\" rel=\"noopener noreferrer\"><span style=\"color: #ff0000;\"><strong>MERCOSUR: una integraci\u00f3n al servicio del imperialismo<\/strong><\/span><\/a><br \/><span style=\"color: #000000;\">Ricardo Cohen <\/span><\/span>2003<\/h4>\n\n\n<p><\/p>\n","protected":false},"excerpt":{"rendered":"<p>Informe Uruguay setiembre 2017\u00a0 (espa\u00f1ol)Informe a los partidos y organizaciones participantes del Seminario Internacional por el 100\u00b0 Aniversario de la Revoluci\u00f3n de Octubre, realizado en Gelserkinchen, Alemania, el 27,28 y 29 de Octubre de 2017, organizado por ICOR y CIPOML. Participaron 1050 militantes,\u00a0 60 organizaciones pol\u00edticas de 40 pa\u00edses, inclu\u00eddo el PCR del Uruguay. Report &hellip; <\/p>\n<p><a class=\"more-link btn\" href=\"https:\/\/pcr.org.uy\/?page_id=115\">Seguir leyendo<\/a><\/p>\n","protected":false},"author":1,"featured_media":0,"parent":38,"menu_order":0,"comment_status":"closed","ping_status":"open","template":"","meta":{"footnotes":""},"class_list":["post-115","page","type-page","status-publish","hentry","nodate","item-wrap"],"_links":{"self":[{"href":"https:\/\/pcr.org.uy\/index.php?rest_route=\/wp\/v2\/pages\/115","targetHints":{"allow":["GET"]}}],"collection":[{"href":"https:\/\/pcr.org.uy\/index.php?rest_route=\/wp\/v2\/pages"}],"about":[{"href":"https:\/\/pcr.org.uy\/index.php?rest_route=\/wp\/v2\/types\/page"}],"author":[{"embeddable":true,"href":"https:\/\/pcr.org.uy\/index.php?rest_route=\/wp\/v2\/users\/1"}],"replies":[{"embeddable":true,"href":"https:\/\/pcr.org.uy\/index.php?rest_route=%2Fwp%2Fv2%2Fcomments&post=115"}],"version-history":[{"count":22,"href":"https:\/\/pcr.org.uy\/index.php?rest_route=\/wp\/v2\/pages\/115\/revisions"}],"predecessor-version":[{"id":2869,"href":"https:\/\/pcr.org.uy\/index.php?rest_route=\/wp\/v2\/pages\/115\/revisions\/2869"}],"up":[{"embeddable":true,"href":"https:\/\/pcr.org.uy\/index.php?rest_route=\/wp\/v2\/pages\/38"}],"wp:attachment":[{"href":"https:\/\/pcr.org.uy\/index.php?rest_route=%2Fwp%2Fv2%2Fmedia&parent=115"}],"curies":[{"name":"wp","href":"https:\/\/api.w.org\/{rel}","templated":true}]}}